{"id":57,"date":"2017-04-10T12:02:27","date_gmt":"2017-04-10T10:02:27","guid":{"rendered":"http:\/\/pasticciemarachelle.org\/?page_id=57"},"modified":"2020-04-22T17:06:21","modified_gmt":"2020-04-22T15:06:21","slug":"progetto-educativo","status":"publish","type":"page","link":"https:\/\/pasticciemarachelle.org\/index.php\/progetto-educativo\/","title":{"rendered":"Progetto educativo"},"content":{"rendered":"<p>[et_pb_section fb_built=&#8221;1&#8243; background_image=&#8221;http:\/\/pasticciemarachelle.org\/wp-content\/uploads\/2018\/01\/LETTURA2.jpg&#8221; fullwidth=&#8221;on&#8221; admin_label=&#8221;Sezione&#8221;][et_pb_fullwidth_header title=&#8221;PROGETTO EDUCATIVO&#8221; background_layout=&#8221;dark&#8221; text_orientation=&#8221;center&#8221; admin_label=&#8221;Intestazione a Larghezza Piena&#8221;][\/et_pb_fullwidth_header][\/et_pb_section][et_pb_section fb_built=&#8221;1&#8243; transparent_background=&#8221;on&#8221; admin_label=&#8221;Sezione&#8221;][et_pb_row parallax_method_1=&#8221;off&#8221; admin_label=&#8221;Riga&#8221;][et_pb_column type=&#8221;4_4&#8243; parallax=&#8221;off&#8221; parallax_method=&#8221;off&#8221;][et_pb_text text_orientation=&#8221;center&#8221; admin_label=&#8221;Testo&#8221;]<\/p>\n<p style=\"text-align: left;\"><strong>I progetti pedagogici del nido, elaborati annualmente e seguiti dal Coordinamento pedagogico zonale della Valdelsa hanno come obiettivi principali quello di rispondere alle esigenze educative e sociali del bimbo al fine di:<\/strong><\/p>\n<p>[\/et_pb_text][\/et_pb_column][\/et_pb_row][\/et_pb_section][et_pb_section fb_built=&#8221;1&#8243; admin_label=&#8221;Sezione&#8221;][et_pb_row admin_label=&#8221;Riga&#8221;][et_pb_column type=&#8221;1_2&#8243; parallax=&#8221;off&#8221; parallax_method=&#8221;on&#8221;][et_pb_text admin_label=&#8221;Testo&#8221;]<\/p>\n<ul>\n<li><strong>Favorire una crescita equilibrata in armonia con le tappe evolutive e con i tempi specifici di ogni bambino.<\/strong><br \/>\nL\u2019idea di educazione su cui si basano i progetti partono infatti dal presupposto che ogni bambino \u00e8 unico, e che le sue tappe evolutive non evolvono in percorsi rigidamente strutturati e lineari, ma piuttosto crescono e si trasformano secondo attitudini specifiche.<\/li>\n<\/ul>\n<p>[\/et_pb_text][\/et_pb_column][et_pb_column type=&#8221;1_2&#8243; parallax=&#8221;off&#8221; parallax_method=&#8221;on&#8221;][et_pb_text admin_label=&#8221;Testo&#8221;]<\/p>\n<ul>\n<li><strong>Favorire l\u2019instaurarsi di relazioni significative fra pari e con gli adulti.<\/strong> Se da una parte \u00e8 vero che lo sviluppo infantile risulta essere una forte ed intima impresa naturale, \u00e8 tuttavia molto importante evidenziare che \u00e8 anche una intensa opera di costruzione sociale composta da una rete relazionale di bambini, coetanei ed adulti dentro un sistema guidato di adulti educatori.<br \/>\nAssumere questa prospettiva significa valorizzare positivamente le specificit\u00e0 all\u2019interno di un gruppo sociale producendo nei bambini sicurezza e fiducia nelle proprie competenze.<\/li>\n<\/ul>\n<p>[\/et_pb_text][\/et_pb_column][\/et_pb_row][et_pb_row admin_label=&#8221;Riga&#8221;][et_pb_column type=&#8221;1_2&#8243; parallax=&#8221;off&#8221; parallax_method=&#8221;on&#8221;][et_pb_text admin_label=&#8221;Testo&#8221;]<\/p>\n<ul>\n<li><strong>Offrire svariati stimoli per consentire l\u2019emergere dei propri talenti personali.<\/strong> Nei primi anni di vita il bambino attraversa una importante fase di scoperta della propria identit\u00e0 in base ad esperienze sia soggettive che oggettive. Ci\u00f2 significa che l\u2019individuazione del proprio S\u00e8 passa attraverso esperienze e stimoli legati al contesto circostante che vengono elaborati dal proprio mondo emotivo e sensoriale secondo un processo introspettivo. Proprio per questo \u00e8 importante che il progetto presenti svariate attivit\u00e0 in modo che il bambino possa sperimentare, dare significato e forma al proprio S\u00e9.<\/li>\n<\/ul>\n<p>[\/et_pb_text][\/et_pb_column][et_pb_column type=&#8221;1_2&#8243; parallax=&#8221;off&#8221; parallax_method=&#8221;on&#8221;][et_pb_text admin_label=&#8221;Testo&#8221;]<\/p>\n<ul>\n<li><strong>Integrare l\u2019esperienza di crescita del bambino col rapporto diretto con le famiglie.<\/strong> Uno degli obiettivi fondamentali del progetto \u00e8 quello di valorizzare il ruolo del nucleo familiare attraverso una partecipazione attiva e propositiva nella vita del nido, consentendo cos\u00ec l\u2019istaurarsi di un clima di fiducia sia tra famiglie, che tra famiglie e personale educativo e ausiliario. L\u2019idea di famiglia si basa in termini di \u201crisorsa\u201d\u00a0che grazie ad un costante confronto contribuisce al miglioramento del servizio e alla facilitazione della collaborazione univoca e continuativa.<\/li>\n<\/ul>\n<p>[\/et_pb_text][\/et_pb_column][\/et_pb_row][\/et_pb_section][et_pb_section fb_built=&#8221;1&#8243; background_image=&#8221;http:\/\/pasticciemarachelle.org\/wp-content\/uploads\/2017\/04\/blackboard_2.jpg&#8221; parallax=&#8221;on&#8221; admin_label=&#8221;Sezione&#8221;][et_pb_row custom_padding=&#8221;27px|0px|24px|0px&#8221; admin_label=&#8221;Riga&#8221;][et_pb_column type=&#8221;1_2&#8243; parallax=&#8221;off&#8221; parallax_method=&#8221;on&#8221;][et_pb_text background_layout=&#8221;dark&#8221; admin_label=&#8221;Testo&#8221; inline_fonts=&#8221;Amatic SC&#8221;]<\/p>\n<h3 style=\"text-align: left;\">La nostra filosofia<\/h3>\n<p>Le attivit&agrave; che proponiamo ai bambini, sia durante le attivit&agrave; di laboratorio che nella scansione temporale della routine quotidiana, offrono loro la possibilit&agrave; di trovare la propria identit&agrave;, tramite la percezione dello spazio e il movimento, il gesto, l&rsquo;immagine, la rappresentazione, il suono e la parola. Il bambino ha cos&igrave; occasione di sviluppare le proprie capacit&agrave;, grazie all&rsquo;azione quotidiana con diversi materiali, pi&ugrave;<br \/> linguaggi, pi&ugrave; punti di vista, tenendo contemporaneamente attive le mani, il corpo, l&rsquo;idea, il pensiero, la parola e l&rsquo;emozione.<\/p>\n<p><\/p>\n<h3><strong><span style=\"font-family: 'Amatic SC';\">DIDATTICA A DISTANZ<\/span>A<\/strong><\/h3>\n<p><strong><\/strong><\/p>\n<p class=\"\" style=\"text-align: justify;\">In seguito all&#8217;emergenza&nbsp; Coronavirus che prevede la sospensione di frequenza ai servizi, la Cooperativa si &egrave; attivata, al fine di mantenere i contatti con i bimbi e le famiglie, per promuovere un progetto di didattica a distanza. Ogni servizio educativo ha avviato&nbsp;una modalit&agrave; di&nbsp;rapporto diretto con le famiglie tramite gruppi wattsup e gruppi facebook chiusi. L&#8217;intero staff educativo partecipa inoltre attivamente nel progetto di didattica a distanza proponendo attivit&agrave; pedagogche tramite la pagina facebook&nbsp;ufficiale del nido &#8220;<a href=\"https:\/\/www.facebook.com\/pasticciemarachelle\/?ref=bookmarks\">Pasticci e Marachelle<\/a>&#8221; sia tramite un canale you tube &#8220;<span style=\"font-size: 17px;\"><a href=\"https:\/\/www.youtube.com\/channel\/UCY_yxwp_8j-QJCpxYTDSHAQ?view_as=subscriber\">Pasticci e Marachelle<\/a>&#8220;. L&#8217;obiettivo del progetto, aggiornato in itinere, &egrave; quello di supportare i genitori in questo periodo di chiusura dei nidi mettendo in atto proposte&nbsp;educative per i pi&ugrave; piccoli e garantendo una continuit&agrave; di rapporto interpersonale con le famiglie.<\/span><\/p>\n<p>[\/et_pb_text][\/et_pb_column][et_pb_column type=&#8221;1_2&#8243; parallax=&#8221;off&#8221; parallax_method=&#8221;on&#8221;][et_pb_text background_layout=&#8221;dark&#8221; admin_label=&#8221;Testo&#8221;]<\/p>\n<h3 style=\"text-align: left;\">L&#8217;inserimento<\/h3>\n<p>L\u2019inserimento del bambino pu\u00f2 avvenire durante tutto l\u2019anno e le modalit\u00e0 e i tempi vengono stabiliti dall\u2019educatore insieme al genitore sia durante il primo colloquio che in itinere durante l\u2019inserimento. Generalmente si chiede la disponibilit\u00e0 della presenza del genitore per circa 1 o 2 settimane a seconda della reazione del bambino durante la fase dell\u2019inserimento. L\u2019educatore favorir\u00e0 un distacco graduale e sereno rispettando i tempi di separazione sia del bimbo che\u00a0 dell\u2019accompagnatore (generalmente la madre o il padre), e al momento del ricongiungimento ci sar\u00e0 uno scambio fra l\u2019educatore e il genitore.<\/p>\n<p>[\/et_pb_text][\/et_pb_column][\/et_pb_row][\/et_pb_section]<\/p>\n","protected":false},"excerpt":{"rendered":"<p>I progetti pedagogici del nido, elaborati annualmente e seguiti dal Coordinamento pedagogico zonale della Valdelsa hanno come obiettivi principali quello di rispondere alle esigenze educative e sociali del bimbo al fine di: Favorire una crescita equilibrata in armonia con le tappe evolutive e con i tempi specifici di ogni bambino. L\u2019idea di educazione su cui [&hellip;]<\/p>\n","protected":false},"author":2,"featured_media":0,"parent":0,"menu_order":0,"comment_status":"closed","ping_status":"closed","template":"","meta":{"_et_pb_use_builder":"on","_et_pb_old_content":"","_et_gb_content_width":"","footnotes":""},"_links":{"self":[{"href":"https:\/\/pasticciemarachelle.org\/index.php\/wp-json\/wp\/v2\/pages\/57"}],"collection":[{"href":"https:\/\/pasticciemarachelle.org\/index.php\/wp-json\/wp\/v2\/pages"}],"about":[{"href":"https:\/\/pasticciemarachelle.org\/index.php\/wp-json\/wp\/v2\/types\/page"}],"author":[{"embeddable":true,"href":"https:\/\/pasticciemarachelle.org\/index.php\/wp-json\/wp\/v2\/users\/2"}],"replies":[{"embeddable":true,"href":"https:\/\/pasticciemarachelle.org\/index.php\/wp-json\/wp\/v2\/comments?post=57"}],"version-history":[{"count":80,"href":"https:\/\/pasticciemarachelle.org\/index.php\/wp-json\/wp\/v2\/pages\/57\/revisions"}],"predecessor-version":[{"id":1441,"href":"https:\/\/pasticciemarachelle.org\/index.php\/wp-json\/wp\/v2\/pages\/57\/revisions\/1441"}],"wp:attachment":[{"href":"https:\/\/pasticciemarachelle.org\/index.php\/wp-json\/wp\/v2\/media?parent=57"}],"curies":[{"name":"wp","href":"https:\/\/api.w.org\/{rel}","templated":true}]}}