{"id":199,"date":"2017-09-19T15:30:51","date_gmt":"2017-09-19T13:30:51","guid":{"rendered":"http:\/\/pasticciemarachelle.org\/?page_id=199"},"modified":"2018-07-18T18:48:09","modified_gmt":"2018-07-18T16:48:09","slug":"yoga-per-bambini","status":"publish","type":"page","link":"https:\/\/pasticciemarachelle.org\/index.php\/servizi\/yoga-per-bambini\/","title":{"rendered":"Yoga per bambini"},"content":{"rendered":"<p>[et_pb_section bb_built=&#8221;1&#8243; admin_label=&#8221;Sezione&#8221; fullwidth=&#8221;on&#8221; specialty=&#8221;off&#8221; transparent_background=&#8221;off&#8221; allow_player_pause=&#8221;off&#8221; inner_shadow=&#8221;off&#8221; parallax=&#8221;off&#8221; parallax_method=&#8221;on&#8221; make_fullwidth=&#8221;off&#8221; use_custom_width=&#8221;off&#8221; width_unit=&#8221;on&#8221; make_equal=&#8221;off&#8221; use_custom_gutter=&#8221;off&#8221;][et_pb_fullwidth_header admin_label=&#8221;Intestazione a Larghezza Piena&#8221; background_layout=&#8221;light&#8221; text_orientation=&#8221;center&#8221; header_fullscreen=&#8221;off&#8221; header_scroll_down=&#8221;off&#8221; parallax=&#8221;on&#8221; parallax_method=&#8221;off&#8221; content_orientation=&#8221;center&#8221; image_orientation=&#8221;center&#8221; custom_button_one=&#8221;off&#8221; button_one_letter_spacing=&#8221;0&#8243; button_one_use_icon=&#8221;default&#8221; button_one_icon_placement=&#8221;right&#8221; button_one_on_hover=&#8221;on&#8221; button_one_letter_spacing_hover=&#8221;0&#8243; custom_button_two=&#8221;off&#8221; button_two_letter_spacing=&#8221;0&#8243; button_two_use_icon=&#8221;default&#8221; button_two_icon_placement=&#8221;right&#8221; button_two_on_hover=&#8221;on&#8221; button_two_letter_spacing_hover=&#8221;0&#8243; title=&#8221;YOGA PER BAMBINI&#8221; background_url=&#8221;http:\/\/pasticciemarachelle.org\/wp-content\/uploads\/2017\/04\/morbido.jpg&#8221; \/][\/et_pb_section][et_pb_section bb_built=&#8221;1&#8243; admin_label=&#8221;Sezione&#8221; fullwidth=&#8221;off&#8221; specialty=&#8221;off&#8221;][et_pb_row admin_label=&#8221;Riga&#8221;][et_pb_column type=&#8221;1_3&#8243;][et_pb_image admin_label=&#8221;Immagine&#8221; src=&#8221;http:\/\/pasticciemarachelle.org\/wp-content\/uploads\/2017\/04\/yoga.png&#8221; show_in_lightbox=&#8221;off&#8221; url_new_window=&#8221;off&#8221; use_overlay=&#8221;off&#8221; animation=&#8221;off&#8221; sticky=&#8221;off&#8221; align=&#8221;left&#8221; force_fullwidth=&#8221;off&#8221; always_center_on_mobile=&#8221;on&#8221; use_border_color=&#8221;off&#8221; border_color=&#8221;#ffffff&#8221; border_style=&#8221;solid&#8221; \/][\/et_pb_column][et_pb_column type=&#8221;2_3&#8243;][et_pb_text admin_label=&#8221;Testo&#8221; background_layout=&#8221;light&#8221; text_orientation=&#8221;left&#8221; use_border_color=&#8221;off&#8221; border_color=&#8221;#ffffff&#8221; border_style=&#8221;solid&#8221;]<\/p>\n<p>Il corso di Yoga per bambini si svolge all\u2019interno dei locali del nido, dalle ore 17.00 alle ore 18.00 una volta a settimana, ed \u00e8 rivolto a bambini dai 4 ai 6 anni di et\u00e0.<\/p>\n<p>Attraverso giochi di movimento, asana (posizioni di yoga), momenti di rilassamento, fiabe e attivit\u00e0 creative si esplora il mondo dello yoga per migliorare la consapevolezza corporea stimolando la fantasia.<\/p>\n<p>In maniera ludica ci trasformiamo in tanti animali, piante ed alberi non solo per migliorare la psicomotricit\u00e0 ma anche per sensibilizzare i bambini a principi di cura e rispetto degli altri e della natura.<\/p>\n<p>Il corso segue il metodo Balyayoga (www.balyayoga.it) per cui lo yoga non \u00e8 solamente riconosciuto come una pratica di benessere corporea ma come un vero e proprio percorso in cui il bambino viene \u201cnutrito\u201d e accompagnato amorevolmente nel percorso di crescita.<\/p>\n<p>[\/et_pb_text][\/et_pb_column][\/et_pb_row][\/et_pb_section]<\/p>\n","protected":false},"excerpt":{"rendered":"<p>Il corso di Yoga per bambini si svolge all\u2019interno dei locali del nido, dalle ore 17.00 alle ore 18.00 una volta a settimana, ed \u00e8 rivolto a bambini dai 4 ai 6 anni di et\u00e0. Attraverso giochi di movimento, asana (posizioni di yoga), momenti di rilassamento, fiabe e attivit\u00e0 creative si esplora il mondo dello [&hellip;]<\/p>\n","protected":false},"author":2,"featured_media":0,"parent":55,"menu_order":0,"comment_status":"closed","ping_status":"closed","template":"","meta":{"_et_pb_use_builder":"on","_et_pb_old_content":"","_et_gb_content_width":"","footnotes":""},"_links":{"self":[{"href":"https:\/\/pasticciemarachelle.org\/index.php\/wp-json\/wp\/v2\/pages\/199"}],"collection":[{"href":"https:\/\/pasticciemarachelle.org\/index.php\/wp-json\/wp\/v2\/pages"}],"about":[{"href":"https:\/\/pasticciemarachelle.org\/index.php\/wp-json\/wp\/v2\/types\/page"}],"author":[{"embeddable":true,"href":"https:\/\/pasticciemarachelle.org\/index.php\/wp-json\/wp\/v2\/users\/2"}],"replies":[{"embeddable":true,"href":"https:\/\/pasticciemarachelle.org\/index.php\/wp-json\/wp\/v2\/comments?post=199"}],"version-history":[{"count":14,"href":"https:\/\/pasticciemarachelle.org\/index.php\/wp-json\/wp\/v2\/pages\/199\/revisions"}],"predecessor-version":[{"id":1415,"href":"https:\/\/pasticciemarachelle.org\/index.php\/wp-json\/wp\/v2\/pages\/199\/revisions\/1415"}],"up":[{"embeddable":true,"href":"https:\/\/pasticciemarachelle.org\/index.php\/wp-json\/wp\/v2\/pages\/55"}],"wp:attachment":[{"href":"https:\/\/pasticciemarachelle.org\/index.php\/wp-json\/wp\/v2\/media?parent=199"}],"curies":[{"name":"wp","href":"https:\/\/api.w.org\/{rel}","templated":true}]}}